{"id":39028,"date":"2023-11-13T13:46:22","date_gmt":"2023-11-13T19:46:22","guid":{"rendered":"https:\/\/optimiza.com.gt\/?page_id=39028"},"modified":"2023-11-16T10:23:36","modified_gmt":"2023-11-16T16:23:36","slug":"alianzas-corporativas","status":"publish","type":"page","link":"https:\/\/optimiza.com.gt\/?page_id=39028","title":{"rendered":"Contacto empresas"},"content":{"rendered":"\t\t<div data-elementor-type=\"wp-page\" data-elementor-id=\"39028\" class=\"elementor elementor-39028\">\n\t\t\t\t\t\t\t\t\t<div data-marvy_enable_drop_animation=\"false\" data-marvy_enable_fancy_rotate=\"false\" data-marvy_enable_flying_object=\"false\" data-marvy_enable_ripples_animation=\"false\" data-marvy_enable_waves_animation=\"false\" data-marvy_enable_rings_animation=\"false\" data-marvy_enable_topology_animation=\"false\" data-marvy_enable_gradient_animation=\"false\" data-marvy_enable_snow_animation=\"false\" data-marvy_enable_firework_animation=\"false\" data-marvy_enable_cloud_animation=\"false\" class=\"elementor-section elementor-top-section elementor-element elementor-element-18b071a elementor-section-boxed elementor-section-height-default elementor-section-height-default\" data-id=\"18b071a\" data-element_type=\"section\">\n\t\t\t\t\t\t<div class=\"elementor-container elementor-column-gap-default\">\n\t\t\t\t\t<div class=\"elementor-column elementor-col-33 elementor-top-column elementor-element elementor-element-ee2d35f layouts-column-align-inherit layouts-section-position-none\" data-id=\"ee2d35f\" data-element_type=\"column\">\n\t\t\t<div class=\"elementor-widget-wrap elementor-element-populated\">\n\t\t\t\t\t\t\t\t<div class=\"hf-elementor-layout elementor-element elementor-element-f083120 elementor-widget elementor-widget-section_title\" data-id=\"f083120\" data-element_type=\"widget\" data-widget_type=\"section_title.default\">\n\t\t\t\t<div class=\"elementor-widget-container\">\n\t\t\t\t<div class=\"iq-title-box iq-title-box-1 iq-befor-line\">\n\t\t<div class=\"iq-title-icon\">\n\t\t\t<i aria-hidden=\"true\" class=\"typcn typcn-location-outline\"><\/i>\t\t<\/div>\n\t\t<span class=\"iq-subtitle\">Ubicaci\u00f3n<\/span>\n\t\t<h5 class=\"iq-title iq-heading-title\">\n\t\t\t5 av. 15-45, Edificio Centro Empresarial Torre 2 Local #104, Zona 10, Ciudad de Guatemala\t\t<\/h5>\n\t\t\t<\/div>\n\t\t<\/div>\n\t\t\t\t<\/div>\n\t\t\t\t\t<\/div>\n\t\t<\/div>\n\t\t\t\t<div class=\"elementor-column elementor-col-33 elementor-top-column elementor-element elementor-element-c667b1b layouts-column-align-inherit layouts-section-position-none\" data-id=\"c667b1b\" data-element_type=\"column\">\n\t\t\t<div class=\"elementor-widget-wrap elementor-element-populated\">\n\t\t\t\t\t\t\t\t<div class=\"hf-elementor-layout elementor-element elementor-element-9f7f055 elementor-widget elementor-widget-section_title\" data-id=\"9f7f055\" data-element_type=\"widget\" data-widget_type=\"section_title.default\">\n\t\t\t\t<div class=\"elementor-widget-container\">\n\t\t\t\t<div class=\"iq-title-box iq-title-box-1 iq-befor-line\">\n\t\t<div class=\"iq-title-icon\">\n\t\t\t<i aria-hidden=\"true\" class=\"typcn typcn-mail\"><\/i>\t\t<\/div>\n\t\t<span class=\"iq-subtitle\">EMAIL <\/span>\n\t\t<h5 class=\"iq-title iq-heading-title\">\n\t\t\tinfo@optimiza.com.gt\t\t<\/h5>\n\t\t\t<\/div>\n\t\t<\/div>\n\t\t\t\t<\/div>\n\t\t\t\t\t<\/div>\n\t\t<\/div>\n\t\t\t\t<div class=\"elementor-column elementor-col-33 elementor-top-column elementor-element elementor-element-4abf4e2 layouts-column-align-inherit layouts-section-position-none\" data-id=\"4abf4e2\" data-element_type=\"column\">\n\t\t\t<div class=\"elementor-widget-wrap elementor-element-populated\">\n\t\t\t\t\t\t\t\t<div class=\"hf-elementor-layout elementor-element elementor-element-cdbd023 elementor-widget elementor-widget-section_title\" data-id=\"cdbd023\" data-element_type=\"widget\" data-widget_type=\"section_title.default\">\n\t\t\t\t<div class=\"elementor-widget-container\">\n\t\t\t\t<div class=\"iq-title-box iq-title-box-1 iq-befor-line\">\n\t\t<div class=\"iq-title-icon\">\n\t\t\t<i aria-hidden=\"true\" class=\"typcn typcn-phone-outline\"><\/i>\t\t<\/div>\n\t\t<span class=\"iq-subtitle\">N\u00famero de contacto<\/span>\n\t\t<h5 class=\"iq-title iq-heading-title\">\n\t\t\t+(502) 3043-8131\t\t<\/h5>\n\t\t\t<\/div>\n\t\t<\/div>\n\t\t\t\t<\/div>\n\t\t\t\t\t<\/div>\n\t\t<\/div>\n\t\t\t\t\t\t\t<\/div>\n\t\t<\/div>\n\t\t\t\t<section data-marvy_enable_drop_animation=\"false\" data-marvy_enable_fancy_rotate=\"false\" data-marvy_enable_flying_object=\"false\" data-marvy_enable_ripples_animation=\"false\" data-marvy_enable_waves_animation=\"false\" data-marvy_enable_rings_animation=\"false\" data-marvy_enable_topology_animation=\"false\" data-marvy_enable_gradient_animation=\"false\" data-marvy_enable_snow_animation=\"false\" data-marvy_enable_firework_animation=\"false\" data-marvy_enable_cloud_animation=\"false\" class=\"elementor-section elementor-top-section elementor-element elementor-element-dde1107 elementor-hidden-tablet elementor-section-boxed elementor-section-height-default elementor-section-height-default\" data-id=\"dde1107\" data-element_type=\"section\">\n\t\t\t\t\t\t<div class=\"elementor-container elementor-column-gap-default\">\n\t\t\t\t\t<div class=\"elementor-column elementor-col-100 elementor-top-column elementor-element elementor-element-5de51c5 layouts-column-align-inherit layouts-section-position-none\" data-id=\"5de51c5\" data-element_type=\"column\">\n\t\t\t<div class=\"elementor-widget-wrap elementor-element-populated\">\n\t\t\t\t\t\t\t\t<div class=\"hf-elementor-layout elementor-element elementor-element-716637e elementor-widget elementor-widget-iq_divider\" data-id=\"716637e\" data-element_type=\"widget\" data-widget_type=\"iq_divider.default\">\n\t\t\t\t<div class=\"elementor-widget-container\">\n\t\t\t\t<div class=\"iq-divider iq-divider-style-1 \">\n\t\t<div class=\"iq-divider-left\">\n\t\t<\/div>\n\t<\/div>\n\t\t<\/div>\n\t\t\t\t<\/div>\n\t\t\t\t\t<\/div>\n\t\t<\/div>\n\t\t\t\t\t\t\t<\/div>\n\t\t<\/section>\n\t\t\t\t<section data-marvy_enable_drop_animation=\"false\" data-marvy_enable_fancy_rotate=\"false\" data-marvy_enable_flying_object=\"false\" data-marvy_enable_ripples_animation=\"false\" data-marvy_enable_waves_animation=\"false\" data-marvy_enable_rings_animation=\"false\" data-marvy_enable_topology_animation=\"false\" data-marvy_enable_gradient_animation=\"false\" data-marvy_enable_snow_animation=\"false\" data-marvy_enable_firework_animation=\"false\" data-marvy_enable_cloud_animation=\"false\" class=\"elementor-section elementor-top-section elementor-element elementor-element-82469fd elementor-section-boxed elementor-section-height-default elementor-section-height-default\" data-id=\"82469fd\" data-element_type=\"section\">\n\t\t\t\t\t\t\t<div class=\"elementor-background-overlay\"><\/div>\n\t\t\t\t\t\t\t<div class=\"elementor-container elementor-column-gap-default\">\n\t\t\t\t\t<div class=\"elementor-column elementor-col-100 elementor-top-column elementor-element elementor-element-c23feeb layouts-column-align-inherit layouts-section-position-none\" data-id=\"c23feeb\" data-element_type=\"column\">\n\t\t\t<div class=\"elementor-widget-wrap elementor-element-populated\">\n\t\t\t\t\t\t\t\t<div class=\"hf-elementor-layout elementor-element elementor-element-3df7d6f elementor-widget elementor-widget-section_title\" data-id=\"3df7d6f\" data-element_type=\"widget\" data-widget_type=\"section_title.default\">\n\t\t\t\t<div class=\"elementor-widget-container\">\n\t\t\t\t<div class=\"iq-title-box iq-befor-line\">\n\t\t<div class=\"iq-title-icon\">\n\t\t\t\t\t<\/div>\n\n\t\t<span class=\"iq-subtitle\">A una llamada de distancia<\/span>\t\t<h2 class=\"iq-title iq-heading-title\">\n\t\t\t<span class=\"right-text\">Optometr\u00eda <\/span>\n\t\t\t<span class=\"left-text\">Empresarial<\/span>\n\t\t<\/h2>\n\t\t<p class=\"iq-title-desc\">Estamos aqu\u00ed y siempre dispuestos a ayudarte. H\u00e1ganos saber c\u00f3mo le servimos y le responderemos en poco tiempo.<\/p>\t<\/div>\n   \t\t<\/div>\n\t\t\t\t<\/div>\n\t\t\t\t\t<\/div>\n\t\t<\/div>\n\t\t\t\t\t\t\t<\/div>\n\t\t<\/section>\n\t\t\t\t<section data-marvy_enable_drop_animation=\"false\" data-marvy_enable_fancy_rotate=\"false\" data-marvy_enable_flying_object=\"false\" data-marvy_enable_ripples_animation=\"false\" data-marvy_enable_waves_animation=\"false\" data-marvy_enable_rings_animation=\"false\" data-marvy_enable_topology_animation=\"false\" data-marvy_enable_gradient_animation=\"false\" data-marvy_enable_snow_animation=\"false\" data-marvy_enable_firework_animation=\"false\" data-marvy_enable_cloud_animation=\"false\" class=\"elementor-section elementor-top-section elementor-element elementor-element-b92b4e3 elementor-section-boxed elementor-section-height-default elementor-section-height-default\" data-id=\"b92b4e3\" data-element_type=\"section\">\n\t\t\t\t\t\t<div class=\"elementor-container elementor-column-gap-default\">\n\t\t\t\t\t<div class=\"elementor-column elementor-col-33 elementor-top-column elementor-element elementor-element-17aa5e6 layouts-column-align-inherit layouts-section-position-none\" data-id=\"17aa5e6\" data-element_type=\"column\">\n\t\t\t<div class=\"elementor-widget-wrap\">\n\t\t\t\t\t\t\t\t\t<\/div>\n\t\t<\/div>\n\t\t\t\t<div class=\"elementor-column elementor-col-33 elementor-top-column elementor-element elementor-element-860c425 layouts-column-align-inherit layouts-section-position-none\" data-id=\"860c425\" data-element_type=\"column\">\n\t\t\t<div class=\"elementor-widget-wrap elementor-element-populated\">\n\t\t\t\t\t\t\t\t<div class=\"hf-elementor-layout elementor-element elementor-element-b5d3c04 elementor-widget elementor-widget-shortcode\" data-id=\"b5d3c04\" data-element_type=\"widget\" data-widget_type=\"shortcode.default\">\n\t\t\t\t<div class=\"elementor-widget-container\">\n\t\t\t\t\t<div class=\"elementor-shortcode\">\n<div class=\"wpcf7 no-js\" id=\"wpcf7-f7579-o1\" lang=\"en-US\" dir=\"ltr\">\n<div class=\"screen-reader-response\"><p role=\"status\" aria-live=\"polite\" aria-atomic=\"true\"><\/p> <ul><\/ul><\/div>\n<form action=\"\/index.php?rest_route=%2Fwp%2Fv2%2Fpages%2F39028#wpcf7-f7579-o1\" method=\"post\" class=\"wpcf7-form init\" aria-label=\"Contact form\" novalidate=\"novalidate\" data-status=\"init\">\n<div style=\"display: none;\">\n<input type=\"hidden\" name=\"_wpcf7\" value=\"7579\" \/>\n<input type=\"hidden\" name=\"_wpcf7_version\" value=\"5.9.3\" \/>\n<input type=\"hidden\" name=\"_wpcf7_locale\" value=\"en_US\" \/>\n<input type=\"hidden\" name=\"_wpcf7_unit_tag\" value=\"wpcf7-f7579-o1\" \/>\n<input type=\"hidden\" name=\"_wpcf7_container_post\" value=\"0\" \/>\n<input type=\"hidden\" name=\"_wpcf7_posted_data_hash\" value=\"\" \/>\n<\/div>\n<div class=\"contact-form contact-style\">\n\t<div class=\"row\">\n\t\t<div class=\"col-lg-6\">\n\t\t\t<div class=\"cfield\">\n\t\t\t\t<p><span class=\"wpcf7-form-control-wrap\" data-name=\"your-name\"><input size=\"40\" class=\"wpcf7-form-control wpcf7-text wpcf7-validates-as-required\" aria-required=\"true\" aria-invalid=\"false\" placeholder=\"Tu nombre\" value=\"\" type=\"text\" name=\"your-name\" \/><\/span>\n\t\t\t\t<\/p>\n\t\t\t<\/div>\n\t\t<\/div>\n\t\t<div class=\"col-lg-6\">\n\t\t\t<div class=\"cfield\">\n\t\t\t\t<p><span class=\"wpcf7-form-control-wrap\" data-name=\"your-subject\"><input size=\"40\" class=\"wpcf7-form-control wpcf7-text wpcf7-validates-as-required\" aria-required=\"true\" aria-invalid=\"false\" placeholder=\"Asunto\" value=\"\" type=\"text\" name=\"your-subject\" \/><\/span>\n\t\t\t\t<\/p>\n\t\t\t<\/div>\n\t\t<\/div>\n\t\t<div class=\"col-lg-6\">\n\t\t\t<div class=\"cfield\">\n\t\t\t\t<p><span class=\"wpcf7-form-control-wrap\" data-name=\"tel-502\"><input size=\"40\" maxlength=\"10\" minlength=\"8\" class=\"wpcf7-form-control wpcf7-tel wpcf7-validates-as-required wpcf7-text wpcf7-validates-as-tel\" aria-required=\"true\" aria-invalid=\"false\" placeholder=\"N\u00famero de celular\" value=\"\" type=\"tel\" name=\"tel-502\" \/><\/span>\n\t\t\t\t<\/p>\n\t\t\t<\/div>\n\t\t<\/div>\n\t\t<div class=\"col-lg-6\">\n\t\t\t<div class=\"cfield\">\n\t\t\t\t<p><span class=\"wpcf7-form-control-wrap\" data-name=\"your-email\"><input size=\"40\" class=\"wpcf7-form-control wpcf7-email wpcf7-validates-as-required wpcf7-text wpcf7-validates-as-email\" aria-required=\"true\" aria-invalid=\"false\" placeholder=\"Tu Email\" value=\"\" type=\"email\" name=\"your-email\" \/><\/span>\n\t\t\t\t<\/p>\n\t\t\t<\/div>\n\t\t<\/div>\n\t\t<div class=\"col-lg-12\">\n\t\t\t<div class=\"cfield\">\n\t\t\t\t<p><span class=\"wpcf7-form-control-wrap\" data-name=\"Empresa\"><textarea cols=\"40\" rows=\"10\" class=\"wpcf7-form-control wpcf7-textarea wpcf7-validates-as-required\" id=\"Empresa\" aria-required=\"true\" aria-invalid=\"false\" placeholder=\"Empresa\" name=\"Empresa\"><\/textarea><\/span>\n\t\t\t\t<\/p>\n\t\t\t<\/div>\n\t\t<\/div>\n\t\t<div class=\"col-lg-12\">\n\t\t\t<div class=\"cfield\">\n\t\t\t\t<p><span class=\"wpcf7-form-control-wrap\" data-name=\"your-message\"><textarea cols=\"40\" rows=\"10\" class=\"wpcf7-form-control wpcf7-textarea wpcf7-validates-as-required\" aria-required=\"true\" aria-invalid=\"false\" placeholder=\"Tu mensaje*\" name=\"your-message\"><\/textarea><\/span>\n\t\t\t\t<\/p>\n\t\t\t<\/div>\n\t\t<\/div>\n\t\t<div class=\"col-lg-12 iq-contact-btn\">\n\t\t\t<p><button id=\"submit\" name=\"submit\" type=\"submit\" value=\"Send\" class=\"button iq-button-style-2 has-icon btn-icon-right\"><span class=\"iq-btn-text-holder\">Enviar mensaje<\/span><span class=\"iq-btn-icon-holder\"><i aria-hidden=\"true\" class=\"ion ion-plus\"><\/i><\/span><\/button>\n\t\t\t<\/p>\n\t\t<\/div>\n\t<\/div>\n<\/div><div class=\"wpcf7-response-output\" aria-hidden=\"true\"><\/div>\n<\/form>\n<\/div>\n<\/div>\n\t\t\t\t<\/div>\n\t\t\t\t<\/div>\n\t\t\t\t\t<\/div>\n\t\t<\/div>\n\t\t\t\t<div class=\"elementor-column elementor-col-33 elementor-top-column elementor-element elementor-element-5042c4c layouts-column-align-inherit layouts-section-position-none\" data-id=\"5042c4c\" data-element_type=\"column\">\n\t\t\t<div class=\"elementor-widget-wrap\">\n\t\t\t\t\t\t\t\t\t<\/div>\n\t\t<\/div>\n\t\t\t\t\t\t\t<\/div>\n\t\t<\/section>\n\t\t\t\t\t\t\t<\/div>\n\t\t","protected":false},"excerpt":{"rendered":"<p>Ubicaci\u00f3n 5 av. 15-45, Edificio Centro Empresarial Torre 2 Local #104, Zona 10, Ciudad de Guatemala EMAIL info@optimiza.com.gt N\u00famero de contacto +(502) 3043-8131 A una llamada de distancia Optometr\u00eda Empresarial Estamos aqu\u00ed y siempre dispuestos a ayudarte. H\u00e1ganos saber c\u00f3mo le servimos y le responderemos en poco tiempo.<\/p>\n","protected":false},"author":1,"featured_media":0,"parent":0,"menu_order":0,"comment_status":"closed","ping_status":"closed","template":"","meta":{"_acf_changed":false,"footnotes":""},"class_list":["post-39028","page","type-page","status-publish","hentry"],"acf":[],"_links":{"self":[{"href":"https:\/\/optimiza.com.gt\/index.php?rest_route=\/wp\/v2\/pages\/39028"}],"collection":[{"href":"https:\/\/optimiza.com.gt\/index.php?rest_route=\/wp\/v2\/pages"}],"about":[{"href":"https:\/\/optimiza.com.gt\/index.php?rest_route=\/wp\/v2\/types\/page"}],"author":[{"embeddable":true,"href":"https:\/\/optimiza.com.gt\/index.php?rest_route=\/wp\/v2\/users\/1"}],"replies":[{"embeddable":true,"href":"https:\/\/optimiza.com.gt\/index.php?rest_route=%2Fwp%2Fv2%2Fcomments&post=39028"}],"version-history":[{"count":15,"href":"https:\/\/optimiza.com.gt\/index.php?rest_route=\/wp\/v2\/pages\/39028\/revisions"}],"predecessor-version":[{"id":39046,"href":"https:\/\/optimiza.com.gt\/index.php?rest_route=\/wp\/v2\/pages\/39028\/revisions\/39046"}],"wp:attachment":[{"href":"https:\/\/optimiza.com.gt\/index.php?rest_route=%2Fwp%2Fv2%2Fmedia&parent=39028"}],"curies":[{"name":"wp","href":"https:\/\/api.w.org\/{rel}","templated":true}]}}