{"id":1285,"date":"2020-10-17T05:30:22","date_gmt":"2020-10-17T00:00:22","guid":{"rendered":"http:\/\/wordpress.iqonic.design\/kivicare\/?page_id=1285"},"modified":"2024-06-25T17:22:15","modified_gmt":"2024-06-25T23:22:15","slug":"about-us","status":"publish","type":"page","link":"https:\/\/optimiza.com.gt\/?page_id=1285","title":{"rendered":"About Us"},"content":{"rendered":"\t\t<div data-elementor-type=\"wp-page\" data-elementor-id=\"1285\" class=\"elementor elementor-1285\">\n\t\t\t\t\t\t\t\t\t<section data-marvy_enable_drop_animation=\"false\" data-marvy_enable_fancy_rotate=\"false\" data-marvy_enable_flying_object=\"false\" data-marvy_enable_ripples_animation=\"false\" data-marvy_enable_waves_animation=\"false\" data-marvy_enable_rings_animation=\"false\" data-marvy_enable_topology_animation=\"false\" data-marvy_enable_gradient_animation=\"false\" data-marvy_enable_snow_animation=\"false\" data-marvy_enable_firework_animation=\"false\" data-marvy_enable_cloud_animation=\"false\" class=\"elementor-section elementor-top-section elementor-element elementor-element-a2da603 elementor-section-boxed elementor-section-height-default elementor-section-height-default\" data-id=\"a2da603\" data-element_type=\"section\">\n\t\t\t\t\t\t<div class=\"elementor-container elementor-column-gap-default\">\n\t\t\t\t\t<div class=\"elementor-column elementor-col-100 elementor-top-column elementor-element elementor-element-14faa64 layouts-column-align-inherit layouts-section-position-none\" data-id=\"14faa64\" data-element_type=\"column\">\n\t\t\t<div class=\"elementor-widget-wrap\">\n\t\t\t\t\t\t\t\t\t<\/div>\n\t\t<\/div>\n\t\t\t\t\t\t\t<\/div>\n\t\t<\/section>\n\t\t\t\t<section data-marvy_enable_drop_animation=\"false\" data-marvy_enable_fancy_rotate=\"false\" data-marvy_enable_flying_object=\"false\" data-marvy_enable_ripples_animation=\"false\" data-marvy_enable_waves_animation=\"false\" data-marvy_enable_rings_animation=\"false\" data-marvy_enable_topology_animation=\"false\" data-marvy_enable_gradient_animation=\"false\" data-marvy_enable_snow_animation=\"false\" data-marvy_enable_firework_animation=\"false\" data-marvy_enable_cloud_animation=\"false\" class=\"elementor-section elementor-top-section elementor-element elementor-element-bb7b81e elementor-section-boxed elementor-section-height-default elementor-section-height-default\" data-id=\"bb7b81e\" data-element_type=\"section\">\n\t\t\t\t\t\t<div class=\"elementor-container elementor-column-gap-default\">\n\t\t\t\t\t<div class=\"elementor-column elementor-col-50 elementor-top-column elementor-element elementor-element-20c3777 layouts-column-align-inherit layouts-section-position-none\" data-id=\"20c3777\" data-element_type=\"column\">\n\t\t\t<div class=\"elementor-widget-wrap elementor-element-populated\">\n\t\t\t\t\t\t\t\t<div class=\"hf-elementor-layout elementor-element elementor-element-d6dff51 elementor-widget elementor-widget-section_title\" data-id=\"d6dff51\" data-element_type=\"widget\" data-widget_type=\"section_title.default\">\n\t\t\t\t<div class=\"elementor-widget-container\">\n\t\t\t\t<div class=\"iq-title-box\">\n\t\t<div class=\"iq-title-icon\">\n\t\t\t\t\t<\/div>\n\n\t\t<span class=\"iq-subtitle\"> Optometrista Eugenia R\u00edmola<\/span>\t\t<h2 class=\"iq-title iq-heading-title\">\n\t\t\t<span class=\"right-text\">Nuestra<\/span>\n\t\t\t<span class=\"left-text\">experta<\/span>\n\t\t<\/h2>\n\t\t<p class=\"iq-title-desc\">Conoce a Eugenia R\u00edmola, una experta y apasionada de la optometr\u00eda con m\u00e1s de 18 a\u00f1os de experiencia que esta comprometida con darte el mejor servicio y ayudarte a encontrar tus lentes ideales.<\/p>\t<\/div>\n   \t\t<\/div>\n\t\t\t\t<\/div>\n\t\t\t\t\t<\/div>\n\t\t<\/div>\n\t\t\t\t<div class=\"elementor-column elementor-col-50 elementor-top-column elementor-element elementor-element-e2c80b8 layouts-column-align-inherit layouts-section-position-none\" data-id=\"e2c80b8\" data-element_type=\"column\" data-settings=\"{&quot;background_background&quot;:&quot;classic&quot;}\">\n\t\t\t<div class=\"elementor-widget-wrap\">\n\t\t\t\t\t\t\t\t\t<\/div>\n\t\t<\/div>\n\t\t\t\t\t\t\t<\/div>\n\t\t<\/section>\n\t\t\t\t<div data-marvy_enable_drop_animation=\"false\" data-marvy_enable_fancy_rotate=\"false\" data-marvy_enable_flying_object=\"false\" data-marvy_enable_ripples_animation=\"false\" data-marvy_enable_waves_animation=\"false\" data-marvy_enable_rings_animation=\"false\" data-marvy_enable_topology_animation=\"false\" data-marvy_enable_gradient_animation=\"false\" data-marvy_enable_snow_animation=\"false\" data-marvy_enable_firework_animation=\"false\" data-marvy_enable_cloud_animation=\"false\" class=\"elementor-section elementor-top-section elementor-element elementor-element-5a43b1c5 elementor-section-boxed elementor-section-height-default elementor-section-height-default\" data-id=\"5a43b1c5\" data-element_type=\"section\">\n\t\t\t\t\t\t<div class=\"elementor-container elementor-column-gap-default\">\n\t\t\t\t\t<div class=\"elementor-column elementor-col-100 elementor-top-column elementor-element elementor-element-7bfe0444 layouts-column-align-inherit layouts-section-position-none\" data-id=\"7bfe0444\" data-element_type=\"column\">\n\t\t\t<div class=\"elementor-widget-wrap elementor-element-populated\">\n\t\t\t\t\t\t\t\t<div class=\"hf-elementor-layout elementor-element elementor-element-1dccd4dd elementor-widget elementor-widget-section_title\" data-id=\"1dccd4dd\" data-element_type=\"widget\" data-widget_type=\"section_title.default\">\n\t\t\t\t<div class=\"elementor-widget-container\">\n\t\t\t\t<div class=\"iq-title-box\">\n\t\t<div class=\"iq-title-icon\">\n\t\t\t\t\t<\/div>\n\n\t\t\t\t<h2 class=\"iq-title iq-heading-title\">\n\t\t\t<span class=\"right-text\">Tu visi\u00f3n<\/span>\n\t\t\t<span class=\"left-text\">nuestra pasi\u00f3n<\/span>\n\t\t<\/h2>\n\t\t<span class=\"iq-subtitle\">Optometr\u00eda profesional<\/span><p class=\"iq-title-desc\">\u00a1Somos la mejor opci\u00f3n en Optometr\u00eda en la ciudad de Guatemala, te esperamos en nuestra cl\u00ednica!<\/p>\t<\/div>\n   \t\t<\/div>\n\t\t\t\t<\/div>\n\t\t\t\t<div data-marvy_enable_drop_animation=\"false\" data-marvy_enable_fancy_rotate=\"false\" data-marvy_enable_flying_object=\"false\" data-marvy_enable_ripples_animation=\"false\" data-marvy_enable_waves_animation=\"false\" data-marvy_enable_rings_animation=\"false\" data-marvy_enable_topology_animation=\"false\" data-marvy_enable_gradient_animation=\"false\" data-marvy_enable_snow_animation=\"false\" data-marvy_enable_firework_animation=\"false\" data-marvy_enable_cloud_animation=\"false\" class=\"elementor-section elementor-inner-section elementor-element elementor-element-560b8d0 elementor-section-boxed elementor-section-height-default elementor-section-height-default\" data-id=\"560b8d0\" data-element_type=\"section\">\n\t\t\t\t\t\t<div class=\"elementor-container elementor-column-gap-default\">\n\t\t\t\t\t<div class=\"elementor-column elementor-col-33 elementor-inner-column elementor-element elementor-element-a30253d layouts-column-align-inherit layouts-section-position-none\" data-id=\"a30253d\" data-element_type=\"column\">\n\t\t\t<div class=\"elementor-widget-wrap elementor-element-populated\">\n\t\t\t\t\t\t\t\t<div class=\"hf-elementor-layout elementor-element elementor-element-4aa1597 elementor-widget elementor-widget-iqonic_fancybox\" data-id=\"4aa1597\" data-element_type=\"widget\" data-widget_type=\"iqonic_fancybox.default\">\n\t\t\t\t<div class=\"elementor-widget-container\">\n\t\t\t\t<div class=\"iq-fancy-box iq-fancy-box-style-7 text-center\">\n\t\t<div class=\"iq-img-area\">\n\t\t\t\t\t<\/div>\n\t\t<div class=\"iq-fancy-box-content\">\n\t\t\t\t\t\t\t<h4 class=\"iq-fancy-title iq-heading-title\"> \n\t\t\t\tOptometrista calificada\t\t\t\t<\/h4>\n\n\t\t\t\t\t\t\t\t\t\t<p class=\"fancy-box-content\"> T\u00e9cnica optometrista, con 18 a\u00f1os de experiencia y un curso intensivo de Optometr\u00eda y \u00d3ptica.   <\/p>\n\t\t\t\n\t\t\t\n\t\t<\/div>\n\t<\/div>\n\t\t<\/div>\n\t\t\t\t<\/div>\n\t\t\t\t\t<\/div>\n\t\t<\/div>\n\t\t\t\t<div class=\"elementor-column elementor-col-33 elementor-inner-column elementor-element elementor-element-49444d4 layouts-column-align-inherit layouts-section-position-none\" data-id=\"49444d4\" data-element_type=\"column\" data-settings=\"{&quot;background_background&quot;:&quot;classic&quot;}\">\n\t\t\t<div class=\"elementor-widget-wrap elementor-element-populated\">\n\t\t\t\t\t\t\t\t<div class=\"hf-elementor-layout elementor-element elementor-element-e05c25c elementor-widget elementor-widget-iqonic_fancybox\" data-id=\"e05c25c\" data-element_type=\"widget\" data-widget_type=\"iqonic_fancybox.default\">\n\t\t\t\t<div class=\"elementor-widget-container\">\n\t\t\t\t<div class=\"iq-fancy-box iq-fancy-box-style-7 text-center\">\n\t\t<div class=\"iq-img-area\">\n\t\t\t\t\t<\/div>\n\t\t<div class=\"iq-fancy-box-content\">\n\t\t\t\t\t\t\t<h4 class=\"iq-fancy-title iq-heading-title\"> \n\t\t\t\tResponsabilidad social\t\t\t\t<\/h4>\n\n\t\t\t\t\t\t\t\t\t\t<p class=\"fancy-box-content\"> Somos una empresa comprometida en fortalecer una cultura sostenible, implementando peque\u00f1as iniciativas ambientales y sociales en nuestros productos y servicios que impacten la vida de los guatemaltecos.  <\/p>\n\t\t\t\n\t\t\t\n\t\t<\/div>\n\t<\/div>\n\t\t<\/div>\n\t\t\t\t<\/div>\n\t\t\t\t\t<\/div>\n\t\t<\/div>\n\t\t\t\t<div class=\"elementor-column elementor-col-33 elementor-inner-column elementor-element elementor-element-3627ce7 layouts-column-align-inherit layouts-section-position-none\" data-id=\"3627ce7\" data-element_type=\"column\">\n\t\t\t<div class=\"elementor-widget-wrap elementor-element-populated\">\n\t\t\t\t\t\t\t\t<div class=\"hf-elementor-layout elementor-element elementor-element-18d09c0 elementor-widget elementor-widget-iqonic_fancybox\" data-id=\"18d09c0\" data-element_type=\"widget\" data-widget_type=\"iqonic_fancybox.default\">\n\t\t\t\t<div class=\"elementor-widget-container\">\n\t\t\t\t<div class=\"iq-fancy-box iq-fancy-box-style-7 text-center\">\n\t\t<div class=\"iq-img-area\">\n\t\t\t\t\t<\/div>\n\t\t<div class=\"iq-fancy-box-content\">\n\t\t\t\t\t\t\t<h4 class=\"iq-fancy-title iq-heading-title\"> \n\t\t\t\tServicios empresariales\t\t\t\t<\/h4>\n\n\t\t\t\t\t\t\t\t\t\t<p class=\"fancy-box-content\"> Garantizamos un aumento en el rendimiento laboral de los colaboradores. Otorgamos promociones exclusivas a las empresas, entre ellas: garant\u00eda y seguro contra da\u00f1os y p\u00e9rdidas. <\/p>\n\t\t\t\n\t\t\t\n\t\t<\/div>\n\t<\/div>\n\t\t<\/div>\n\t\t\t\t<\/div>\n\t\t\t\t\t<\/div>\n\t\t<\/div>\n\t\t\t\t\t\t\t<\/div>\n\t\t<\/div>\n\t\t\t\t\t<\/div>\n\t\t<\/div>\n\t\t\t\t\t\t\t<\/div>\n\t\t<\/div>\n\t\t\t\t\t\t\t<\/div>\n\t\t","protected":false},"excerpt":{"rendered":"<p>Optometrista Eugenia R\u00edmola Nuestra experta Conoce a Eugenia R\u00edmola, una experta y apasionada de la optometr\u00eda con m\u00e1s de 18 a\u00f1os de experiencia que esta comprometida con darte el mejor servicio y ayudarte a encontrar tus lentes ideales. Tu visi\u00f3n nuestra pasi\u00f3n Optometr\u00eda profesional \u00a1Somos la mejor opci\u00f3n en Optometr\u00eda en la ciudad de Guatemala, [&hellip;]<\/p>\n","protected":false},"author":1,"featured_media":0,"parent":0,"menu_order":0,"comment_status":"closed","ping_status":"closed","template":"","meta":{"_acf_changed":false,"footnotes":""},"class_list":["post-1285","page","type-page","status-publish","hentry"],"acf":[],"_links":{"self":[{"href":"https:\/\/optimiza.com.gt\/index.php?rest_route=\/wp\/v2\/pages\/1285"}],"collection":[{"href":"https:\/\/optimiza.com.gt\/index.php?rest_route=\/wp\/v2\/pages"}],"about":[{"href":"https:\/\/optimiza.com.gt\/index.php?rest_route=\/wp\/v2\/types\/page"}],"author":[{"embeddable":true,"href":"https:\/\/optimiza.com.gt\/index.php?rest_route=\/wp\/v2\/users\/1"}],"replies":[{"embeddable":true,"href":"https:\/\/optimiza.com.gt\/index.php?rest_route=%2Fwp%2Fv2%2Fcomments&post=1285"}],"version-history":[{"count":54,"href":"https:\/\/optimiza.com.gt\/index.php?rest_route=\/wp\/v2\/pages\/1285\/revisions"}],"predecessor-version":[{"id":39339,"href":"https:\/\/optimiza.com.gt\/index.php?rest_route=\/wp\/v2\/pages\/1285\/revisions\/39339"}],"wp:attachment":[{"href":"https:\/\/optimiza.com.gt\/index.php?rest_route=%2Fwp%2Fv2%2Fmedia&parent=1285"}],"curies":[{"name":"wp","href":"https:\/\/api.w.org\/{rel}","templated":true}]}}